{"id":705,"date":"2025-04-02T16:21:26","date_gmt":"2025-04-02T20:21:26","guid":{"rendered":"http:\/\/staging.caribefederal.com\/?page_id=705"},"modified":"2026-02-06T15:36:15","modified_gmt":"2026-02-06T19:36:15","slug":"vehiculos-en-venta","status":"publish","type":"page","link":"https:\/\/caribefederal.com\/en\/vehiculos-en-venta\/","title":{"rendered":"Vehicles for sale"},"content":{"rendered":"<div data-elementor-type=\"wp-page\" data-elementor-id=\"705\" class=\"elementor elementor-705\" data-elementor-post-type=\"page\">\n\t\t\t\t<div class=\"elementor-element elementor-element-805c2aa e-flex e-con-boxed e-con e-parent\" data-id=\"805c2aa\" data-element_type=\"container\" data-e-type=\"container\">\n\t\t\t\t\t<div class=\"e-con-inner\">\n\t\t\t\t<div class=\"elementor-element elementor-element-8d3403f elementor-widget elementor-widget-text-editor\" data-id=\"8d3403f\" data-element_type=\"widget\" data-e-type=\"widget\" data-widget_type=\"text-editor.default\">\n\t\t\t\t<div class=\"elementor-widget-container\">\n\t\t\t\t\t\t\t\t\t<div class=\"page\" title=\"Page 1\"><div class=\"section\"><div class=\"layoutArea\"><div class=\"column\"><p>For more information you can call <strong>787-474-5151<\/strong> at extension <strong>5389<\/strong> or send a mail to <a href=\"mailto:emmanuel.gonzalez@caribefederal.com\">emmanuel.gonzalez@caribefederal.com.<\/a><\/p><\/div><\/div><\/div><\/div>\t\t\t\t\t\t\t\t<\/div>\n\t\t\t\t<\/div>\n\t\t\t\t\t<\/div>\n\t\t\t\t<\/div>\n\t\t<div class=\"elementor-element elementor-element-e4ad051 e-grid e-con-boxed e-con e-parent\" data-id=\"e4ad051\" data-element_type=\"container\" data-e-type=\"container\">\n\t\t\t\t\t<div class=\"e-con-inner\">\n\t\t<div class=\"elementor-element elementor-element-5e9c7e4 e-con-full e-flex e-con e-child\" data-id=\"5e9c7e4\" data-element_type=\"container\" data-e-type=\"container\">\n\t\t\t\t<\/div>\n\t\t\t\t\t<\/div>\n\t\t\t\t<\/div>\n\t\t\t\t<\/div>","protected":false},"excerpt":{"rendered":"<p>Para m\u00e1s informaci\u00f3n puede comunicarse al 787-474-5151 a la extensi\u00f3n 5389 o escribiendo a emmanuel.gonzalez@caribefederal.com.<\/p>","protected":false},"author":6,"featured_media":0,"parent":0,"menu_order":0,"comment_status":"closed","ping_status":"closed","template":"","meta":{"footnotes":""},"class_list":["post-705","page","type-page","status-publish","hentry"],"_links":{"self":[{"href":"https:\/\/caribefederal.com\/en\/wp-json\/wp\/v2\/pages\/705","targetHints":{"allow":["GET"]}}],"collection":[{"href":"https:\/\/caribefederal.com\/en\/wp-json\/wp\/v2\/pages"}],"about":[{"href":"https:\/\/caribefederal.com\/en\/wp-json\/wp\/v2\/types\/page"}],"author":[{"embeddable":true,"href":"https:\/\/caribefederal.com\/en\/wp-json\/wp\/v2\/users\/6"}],"replies":[{"embeddable":true,"href":"https:\/\/caribefederal.com\/en\/wp-json\/wp\/v2\/comments?post=705"}],"version-history":[{"count":22,"href":"https:\/\/caribefederal.com\/en\/wp-json\/wp\/v2\/pages\/705\/revisions"}],"predecessor-version":[{"id":20238,"href":"https:\/\/caribefederal.com\/en\/wp-json\/wp\/v2\/pages\/705\/revisions\/20238"}],"wp:attachment":[{"href":"https:\/\/caribefederal.com\/en\/wp-json\/wp\/v2\/media?parent=705"}],"curies":[{"name":"wp","href":"https:\/\/api.w.org\/{rel}","templated":true}]}}