{"id":642,"date":"2025-04-02T12:08:55","date_gmt":"2025-04-02T16:08:55","guid":{"rendered":"http:\/\/staging.caribefederal.com\/?page_id=642"},"modified":"2025-08-07T22:41:08","modified_gmt":"2025-08-08T02:41:08","slug":"tu-puedes-ser-socio","status":"publish","type":"page","link":"https:\/\/caribefederal.com\/en\/tu-puedes-ser-socio\/","title":{"rendered":"Become a member"},"content":{"rendered":"<div data-elementor-type=\"wp-page\" data-elementor-id=\"642\" class=\"elementor elementor-642\" data-elementor-post-type=\"page\">\n\t\t\t\t<div class=\"elementor-element elementor-element-cf26201 e-flex e-con-boxed e-con e-parent\" data-id=\"cf26201\" data-element_type=\"container\" data-e-type=\"container\" data-settings=\"{&quot;background_background&quot;:&quot;classic&quot;}\">\n\t\t\t\t\t<div class=\"e-con-inner\">\n\t\t\t\t<div class=\"elementor-element elementor-element-fc5be2c elementor-widget__width-initial elementor-widget-mobile_extra__width-inherit elementor-widget elementor-widget-heading\" data-id=\"fc5be2c\" data-element_type=\"widget\" data-e-type=\"widget\" data-widget_type=\"heading.default\">\n\t\t\t\t<div class=\"elementor-widget-container\">\n\t\t\t\t\t<h2 class=\"elementor-heading-title elementor-size-default\">You Can Join Us!<\/h2>\t\t\t\t<\/div>\n\t\t\t\t<\/div>\n\t\t\t\t\t<\/div>\n\t\t\t\t<\/div>\n\t\t<div class=\"elementor-element elementor-element-4009252 e-flex e-con-boxed e-con e-parent\" data-id=\"4009252\" data-element_type=\"container\" data-e-type=\"container\">\n\t\t\t\t\t<div class=\"e-con-inner\">\n\t\t<div class=\"elementor-element elementor-element-af4f31b e-con-full e-flex e-con e-child\" data-id=\"af4f31b\" data-element_type=\"container\" data-e-type=\"container\">\n\t\t\t\t<div class=\"elementor-element elementor-element-91fb49a elementor-widget elementor-widget-icon-box\" data-id=\"91fb49a\" data-element_type=\"widget\" data-e-type=\"widget\" data-widget_type=\"icon-box.default\">\n\t\t\t\t<div class=\"elementor-widget-container\">\n\t\t\t\t\t\t\t<div class=\"elementor-icon-box-wrapper\">\n\n\t\t\t\n\t\t\t\t\t\t<div class=\"elementor-icon-box-content\">\n\n\t\t\t\t\t\t\t\t\t<h2 class=\"elementor-icon-box-title\">\n\t\t\t\t\t\t<span  >\n\t\t\t\t\t\t\tWho can be a member of Caribe Federal?\t\t\t\t\t\t<\/span>\n\t\t\t\t\t<\/h2>\n\t\t\t\t\n\t\t\t\t\t\t\t\t\t<p class=\"elementor-icon-box-description\">\n\t\t\t\t\t\tIf you are a federal employee or a retired federal employee, you automatically qualify for membership. \t\t\t\t\t<\/p>\n\t\t\t\t\n\t\t\t<\/div>\n\t\t\t\n\t\t<\/div>\n\t\t\t\t\t\t<\/div>\n\t\t\t\t<\/div>\n\t\t\t\t<div class=\"elementor-element elementor-element-eb27f6e elementor-widget elementor-widget-text-editor\" data-id=\"eb27f6e\" data-element_type=\"widget\" data-e-type=\"widget\" data-widget_type=\"text-editor.default\">\n\t\t\t\t<div class=\"elementor-widget-container\">\n\t\t\t\t\t\t\t\t\t<p>Additionally, individuals who live, work, attend or participate in schools, businesses, or any legal entity located in an underserved community in the towns of R\u00edo Grande, A\u00f1asco, or San Germ\u00e1n in Puerto Rico also qualify, as defined in Chapter 3, Section III and in accordance with Chapter 2, Section V of the NCUA Charter and Bylaws Manual.<\/p><p>Employees or voting members of any of the following entities also qualify:<\/p>\t\t\t\t\t\t\t\t<\/div>\n\t\t\t\t<\/div>\n\t\t\t\t<\/div>\n\t\t<div class=\"elementor-element elementor-element-3895d68 e-con-full e-flex e-con e-child\" data-id=\"3895d68\" data-element_type=\"container\" data-e-type=\"container\">\n\t\t\t\t<div class=\"elementor-element elementor-element-6eaf19d elementor-tablet_extra-align-justify elementor-widget elementor-widget-button\" data-id=\"6eaf19d\" data-element_type=\"widget\" data-e-type=\"widget\" data-widget_type=\"button.default\">\n\t\t\t\t<div class=\"elementor-widget-container\">\n\t\t\t\t\t\t\t\t\t<div class=\"elementor-button-wrapper\">\n\t\t\t\t\t<a class=\"elementor-button elementor-button-link elementor-size-sm elementor-animation-grow\" href=\"https:\/\/app.loanspq.com\/xa\/xpressApp.aspx?lenderref=caribefcu102620\" target=\"_blank\" rel=\"noopener\">\n\t\t\t\t\t\t<span class=\"elementor-button-content-wrapper\">\n\t\t\t\t\t\t\t\t\t<span class=\"elementor-button-text\">Become a Member<\/span>\n\t\t\t\t\t<\/span>\n\t\t\t\t\t<\/a>\n\t\t\t\t<\/div>\n\t\t\t\t\t\t\t\t<\/div>\n\t\t\t\t<\/div>\n\t\t\t\t<\/div>\n\t\t\t\t\t<\/div>\n\t\t\t\t<\/div>\n\t\t<div class=\"elementor-element elementor-element-ce3397f e-flex e-con-boxed e-con e-parent\" data-id=\"ce3397f\" data-element_type=\"container\" data-e-type=\"container\">\n\t\t\t\t\t<div class=\"e-con-inner\">\n\t\t\t\t<div class=\"elementor-element elementor-element-57c97a1 elementor-widget elementor-widget-heading\" data-id=\"57c97a1\" data-element_type=\"widget\" data-e-type=\"widget\" data-widget_type=\"heading.default\">\n\t\t\t\t<div class=\"elementor-widget-container\">\n\t\t\t\t\t<h3 class=\"elementor-heading-title elementor-size-default\">CFCU\u2019s SEGs<\/h3>\t\t\t\t<\/div>\n\t\t\t\t<\/div>\n\t\t\t\t<div class=\"elementor-element elementor-element-3b44b89 elementor-widget elementor-widget-tablepress-table\" data-id=\"3b44b89\" data-element_type=\"widget\" data-e-type=\"widget\" data-widget_type=\"tablepress-table.default\">\n\t\t\t\t\t\n<table id=\"tablepress-1\" class=\"tablepress tablepress-id-1\">\n<tbody class=\"row-hover\">\n<tr class=\"row-1\">\n\t<td class=\"column-1\">Adriel Auto Corporation<\/td><td class=\"column-2\">Colegio de Qu\u00edmicos de Puerto Rico<\/td><td class=\"column-3\">Helvetia del Caribe<\/td><td class=\"column-4\">Socios Residentes de Fontainbleu Plaza<\/td>\n<\/tr>\n<tr class=\"row-2\">\n\t<td class=\"column-1\">Aerol\u00edneas Aeropuerto LMM<\/td><td class=\"column-2\">Colegio Ponce\u00f1o<\/td><td class=\"column-3\">Humana Puerto Rico<\/td><td class=\"column-4\">S. Fernandez and Co.<\/td>\n<\/tr>\n<tr class=\"row-3\">\n\t<td class=\"column-1\">Air Mar Shipping Inc.<\/td><td class=\"column-2\">Compa\u00f1\u00eda de Turismo<\/td><td class=\"column-3\">Hermandad Empleados fic. Comercio &amp; Ramas Anexa de PR (Puertos)<\/td><td class=\"column-4\">San Juan Board of Realtors<\/td>\n<\/tr>\n<tr class=\"row-4\">\n\t<td class=\"column-1\">Antilles Military Academy<\/td><td class=\"column-2\">Condomio Playa Grande\u2019s Homeowners Association<\/td><td class=\"column-3\">ICPR-Junior College<\/td><td class=\"column-4\">San Juan Community Library<\/td>\n<\/tr>\n<tr class=\"row-5\">\n\t<td class=\"column-1\">AON Risk Services<\/td><td class=\"column-2\">Commonwealth Oil Refining Company, Inc.<\/td><td class=\"column-3\">Industria Lechera de PR \u201cIndulac\u201d<\/td><td class=\"column-4\">Sato Travel<\/td>\n<\/tr>\n<tr class=\"row-6\">\n\t<td class=\"column-1\">Asociaci\u00f3n de Industriales<\/td><td class=\"column-2\">Cooperativa de Seguros de Vida<\/td><td class=\"column-3\">Industrial Chemicals Corporation<\/td><td class=\"column-4\">Security Assurance Company of Puerto Rico<\/td>\n<\/tr>\n<tr class=\"row-7\">\n\t<td class=\"column-1\">Asoc. Pro Bienestar Urb. La Cumbre<\/td><td class=\"column-2\">Cooperativa de Seguros M\u00faltiples<\/td><td class=\"column-3\">Integro Foundation<\/td><td class=\"column-4\">Servicios Legales<\/td>\n<\/tr>\n<tr class=\"row-8\">\n\t<td class=\"column-1\">Auto 2001<\/td><td class=\"column-2\">Coop de Maleteros<\/td><td class=\"column-3\">JCF Appraisers &amp; Engineers Group<\/td><td class=\"column-4\">Shell Company and Subsidiaries<\/td>\n<\/tr>\n<tr class=\"row-9\">\n\t<td class=\"column-1\">Benefit Solution Group<\/td><td class=\"column-2\">Costco Carolina<\/td><td class=\"column-3\">L &amp; L Alfa Collection Agency<\/td><td class=\"column-4\">Sky Caters<\/td>\n<\/tr>\n<tr class=\"row-10\">\n\t<td class=\"column-1\">Benjamin Acosta Inc.<\/td><td class=\"column-2\">Costco-Bayam\u00f3n<\/td><td class=\"column-3\">Liga de Arte de Estudiantes de San Juan<\/td><td class=\"column-4\">SMG Coliseo de PR<\/td>\n<\/tr>\n<tr class=\"row-11\">\n\t<td class=\"column-1\">Borinquen Body Experts<\/td><td class=\"column-2\">Costco-Bayam\u00f3n II<\/td><td class=\"column-3\">Mapfre<\/td><td class=\"column-4\">Society of Human Resources Management-PR<\/td>\n<\/tr>\n<tr class=\"row-12\">\n\t<td class=\"column-1\">BPAS Trust<\/td><td class=\"column-2\">Costco-Caguas<\/td><td class=\"column-3\">Masini Group<\/td><td class=\"column-4\">Socios Residentes de Fontainbleu Plaza<\/td>\n<\/tr>\n<tr class=\"row-13\">\n\t<td class=\"column-1\">Buena Vista Press Inc.<\/td><td class=\"column-2\">CODEZOL<\/td><td class=\"column-3\">McDonald<\/td><td class=\"column-4\">The Baldwin School<\/td>\n<\/tr>\n<tr class=\"row-14\">\n\t<td class=\"column-1\">C\u00e1mara de Comercio de Puerto Rico<\/td><td class=\"column-2\">Cuna Mutual Group<\/td><td class=\"column-3\">Multinational Insurance Company<\/td><td class=\"column-4\">The Central National Insurance Company<\/td>\n<\/tr>\n<tr class=\"row-15\">\n\t<td class=\"column-1\">C\u00e1mara de Comercio del Sur de Puerto Rico<\/td><td class=\"column-2\">Daskalos<\/td><td class=\"column-3\">Municipio Aut\u00f3nomo de Caguas<\/td><td class=\"column-4\">Tiendas Aeropuerto LMM<\/td>\n<\/tr>\n<tr class=\"row-16\">\n\t<td class=\"column-1\">Cancio, Nadal, Rivera and Diaz<\/td><td class=\"column-2\">Database Marketing Services<\/td><td class=\"column-3\">Municipio Aut\u00f3nomo de San Juan<\/td><td class=\"column-4\">Trans Union Puerto Rico<\/td>\n<\/tr>\n<tr class=\"row-17\">\n\t<td class=\"column-1\">Caribbean Medical Testing Center<\/td><td class=\"column-2\">Delta Dental<\/td><td class=\"column-3\">MVM Security Services<\/td><td class=\"column-4\">Triple SSS Management<\/td>\n<\/tr>\n<tr class=\"row-18\">\n\t<td class=\"column-1\">Caribe Federal Credit Union<\/td><td class=\"column-2\">Eden Flat Bed<\/td><td class=\"column-3\">National Car Rental<\/td><td class=\"column-4\">UBS Financial Services<\/td>\n<\/tr>\n<tr class=\"row-19\">\n\t<td class=\"column-1\">Caribe Shipping Company<\/td><td class=\"column-2\">Edis Industrial Laundry<\/td><td class=\"column-3\">Optima Insurance Company<\/td><td class=\"column-4\">Universal Insurance Group<\/td>\n<\/tr>\n<tr class=\"row-20\">\n\t<td class=\"column-1\">Caribbean School<\/td><td class=\"column-2\">Eutectic &amp; Castolin Inc.<\/td><td class=\"column-3\">Peri\u00f3dico Primera Hora<\/td><td class=\"column-4\">Universidad Central del Caribe<\/td>\n<\/tr>\n<tr class=\"row-21\">\n\t<td class=\"column-1\">Centro Unido de Detallistas<\/td><td class=\"column-2\">Empleados de SPS, Inc.<\/td><td class=\"column-3\">Puerto Ricancars<\/td><td class=\"column-4\">Universidad Polit\u00e9cnica<\/td>\n<\/tr>\n<tr class=\"row-22\">\n\t<td class=\"column-1\">Centro Budista Ganden She<\/td><td class=\"column-2\">Empleados de Mediafax, Inc.<\/td><td class=\"column-3\">Puerto Rico Tourism Company<\/td><td class=\"column-4\">V\u00e1zquez Vizcarrondo &amp; Angelet, LLP<\/td>\n<\/tr>\n<tr class=\"row-23\">\n\t<td class=\"column-1\">Club Due\u00f1os Autos Antiguos de Puerto Rico, Inc.<\/td><td class=\"column-2\">Empleados de Wallace International of Puerto Rico<\/td><td class=\"column-3\">Quality for Business Success, Inc<\/td><td class=\"column-4\">Western Digital Corporation<\/td>\n<\/tr>\n<tr class=\"row-24\">\n\t<td class=\"column-1\">Colegio de Abogados de Puerto Rico<\/td><td class=\"column-2\">Empleados de Emanuel Centro Educativo<\/td><td class=\"column-3\">Rainforest Kids Child Development Center<\/td><td class=\"column-4\">Wometco Puerto Rico<\/td>\n<\/tr>\n<tr class=\"row-25\">\n\t<td class=\"column-1\">Colegio de Agr\u00f3nomos de Puerto Rico<\/td><td class=\"column-2\">Empleados de la Polic\u00eda Municipal de R\u00edo Grande<\/td><td class=\"column-3\">Residentes Condominio Torres del Parque<\/td><td class=\"column-4\"><\/td>\n<\/tr>\n<tr class=\"row-26\">\n\t<td class=\"column-1\">Colegio de Arquitectos de Puerto Rico<\/td><td class=\"column-2\">Empleados del Departamento de Educaci\u00f3n, R\u00edo Grande<\/td><td class=\"column-3\">Residentes Rio Grande<\/td><td class=\"column-4\"><\/td>\n<\/tr>\n<tr class=\"row-27\">\n\t<td class=\"column-1\">Colegio de Ingeniero y Agrimensores<\/td><td class=\"column-2\">Empleados de la organizaci\u00f3n 5 Sentidos<\/td><td class=\"column-3\">Residentes A\u00f1asco<\/td><td class=\"column-4\"><\/td>\n<\/tr>\n<tr class=\"row-28\">\n\t<td class=\"column-1\">Colegio de Peritos Electricistas de Puerto Rico.<\/td><td class=\"column-2\">Fiedler &amp; Frias Architects<\/td><td class=\"column-3\">Residentes San Germ\u00e1n<\/td><td class=\"column-4\"><\/td>\n<\/tr>\n<tr class=\"row-29\">\n\t<td class=\"column-1\">Colegio de Opticos de Puerto Rico<\/td><td class=\"column-2\">Fundaci\u00f3n Aguas Claras<\/td><td class=\"column-3\">Residentes Urb. Sagrado Coraz\u00f3n<\/td><td class=\"column-4\"><\/td>\n<\/tr>\n<\/tbody>\n<\/table>\n<!-- #tablepress-1 from cache -->\t\t\t\t<\/div>\n\t\t\t\t<div class=\"elementor-element elementor-element-7057c36 elementor-widget elementor-widget-text-editor\" data-id=\"7057c36\" data-element_type=\"widget\" data-e-type=\"widget\" data-widget_type=\"text-editor.default\">\n\t\t\t\t<div class=\"elementor-widget-container\">\n\t\t\t\t\t\t\t\t\t<p>*People who live, work, attend, or participate in schools, businesses, or any legal entity located in an underserved community within the towns of R\u00edo Grande, A\u00f1asco, or San Germ\u00e1n in Puerto Rico; as defined in Chapter 3, Section III and in accordance with Chapter 2, Section V of the NCUA's Constitutional and FOM Manual.<\/p>\t\t\t\t\t\t\t\t<\/div>\n\t\t\t\t<\/div>\n\t\t\t\t\t<\/div>\n\t\t\t\t<\/div>\n\t\t<div class=\"elementor-element elementor-element-6003cf7 e-flex e-con-boxed e-con e-parent\" data-id=\"6003cf7\" data-element_type=\"container\" data-e-type=\"container\">\n\t\t\t\t\t<div class=\"e-con-inner\">\n\t\t\t\t<div class=\"elementor-element elementor-element-778a139 elementor-widget elementor-widget-heading\" data-id=\"778a139\" data-element_type=\"widget\" data-e-type=\"widget\" data-widget_type=\"heading.default\">\n\t\t\t\t<div class=\"elementor-widget-container\">\n\t\t\t\t\t<h3 class=\"elementor-heading-title elementor-size-default\">If you are not a federal employee and you are not a member of the list of entities provided above, don\u2019t worry!<\/h3>\t\t\t\t<\/div>\n\t\t\t\t<\/div>\n\t\t<div class=\"elementor-element elementor-element-0f1f85d e-con-full e-flex e-con e-child\" data-id=\"0f1f85d\" data-element_type=\"container\" data-e-type=\"container\">\n\t\t<div class=\"elementor-element elementor-element-7e28302 e-con-full e-flex e-con e-child\" data-id=\"7e28302\" data-element_type=\"container\" data-e-type=\"container\">\n\t\t\t\t<div class=\"elementor-element elementor-element-f715c83 elementor-widget elementor-widget-text-editor\" data-id=\"f715c83\" data-element_type=\"widget\" data-e-type=\"widget\" data-widget_type=\"text-editor.default\">\n\t\t\t\t<div class=\"elementor-widget-container\">\n\t\t\t\t\t\t\t\t\t<p>We have several options, so you can become a member of Caribe Federal. You just have to meet one of these requirements:<\/p>\t\t\t\t\t\t\t\t<\/div>\n\t\t\t\t<\/div>\n\t\t\t\t<div class=\"elementor-element elementor-element-355e525 elementor-align-start elementor-icon-list--layout-traditional elementor-list-item-link-full_width elementor-widget elementor-widget-icon-list\" data-id=\"355e525\" data-element_type=\"widget\" data-e-type=\"widget\" data-widget_type=\"icon-list.default\">\n\t\t\t\t<div class=\"elementor-widget-container\">\n\t\t\t\t\t\t\t<ul class=\"elementor-icon-list-items\">\n\t\t\t\t\t\t\t<li class=\"elementor-icon-list-item\">\n\t\t\t\t\t\t\t\t\t\t\t<span class=\"elementor-icon-list-icon\">\n\t\t\t\t\t\t\t<svg xmlns=\"http:\/\/www.w3.org\/2000\/svg\" width=\"32\" height=\"32\" fill=\"#000000\" viewbox=\"0 0 256 256\"><path d=\"M229.66,77.66l-128,128a8,8,0,0,1-11.32,0l-56-56a8,8,0,0,1,11.32-11.32L96,188.69,218.34,66.34a8,8,0,0,1,11.32,11.32Z\"><\/path><\/svg>\t\t\t\t\t\t<\/span>\n\t\t\t\t\t\t\t\t\t\t<span class=\"elementor-icon-list-text\">Be a member of the San Juan Art Students League or the San Juan Community Library \u2013 With your contribution of $35 you can enjoy all our products and services.<\/span>\n\t\t\t\t\t\t\t\t\t<\/li>\n\t\t\t\t\t\t\t\t<li class=\"elementor-icon-list-item\">\n\t\t\t\t\t\t\t\t\t\t\t<span class=\"elementor-icon-list-icon\">\n\t\t\t\t\t\t\t<svg xmlns=\"http:\/\/www.w3.org\/2000\/svg\" width=\"32\" height=\"32\" fill=\"#000000\" viewbox=\"0 0 256 256\"><path d=\"M229.66,77.66l-128,128a8,8,0,0,1-11.32,0l-56-56a8,8,0,0,1,11.32-11.32L96,188.69,218.34,66.34a8,8,0,0,1,11.32,11.32Z\"><\/path><\/svg>\t\t\t\t\t\t<\/span>\n\t\t\t\t\t\t\t\t\t\t<span class=\"elementor-icon-list-text\">Have a family member who is a federal employee \u2013 This includes: spouses, parents, children, siblings, grandparents, grandchildren, stepchild and step-father relationships.<\/span>\n\t\t\t\t\t\t\t\t\t<\/li>\n\t\t\t\t\t\t\t\t<li class=\"elementor-icon-list-item\">\n\t\t\t\t\t\t\t\t\t\t\t<span class=\"elementor-icon-list-icon\">\n\t\t\t\t\t\t\t<svg xmlns=\"http:\/\/www.w3.org\/2000\/svg\" width=\"32\" height=\"32\" fill=\"#000000\" viewbox=\"0 0 256 256\"><path d=\"M229.66,77.66l-128,128a8,8,0,0,1-11.32,0l-56-56a8,8,0,0,1,11.32-11.32L96,188.69,218.34,66.34a8,8,0,0,1,11.32,11.32Z\"><\/path><\/svg>\t\t\t\t\t\t<\/span>\n\t\t\t\t\t\t\t\t\t\t<span class=\"elementor-icon-list-text\">Be a co-owner of a Joint Account \u2013 The owner of this account has access to the total amount of money in deposit and\nagrees to share all the funds. Being a co-owner does not constitute a membership of the\nCooperative. When possible, the co-owners must be supported to open their own\naccounts. Only then will they benefit from all our services and products.<\/span>\n\t\t\t\t\t\t\t\t\t<\/li>\n\t\t\t\t\t\t\t\t<li class=\"elementor-icon-list-item\">\n\t\t\t\t\t\t\t\t\t\t\t<span class=\"elementor-icon-list-icon\">\n\t\t\t\t\t\t\t<svg xmlns=\"http:\/\/www.w3.org\/2000\/svg\" width=\"32\" height=\"32\" fill=\"#000000\" viewbox=\"0 0 256 256\"><path d=\"M229.66,77.66l-128,128a8,8,0,0,1-11.32,0l-56-56a8,8,0,0,1,11.32-11.32L96,188.69,218.34,66.34a8,8,0,0,1,11.32,11.32Z\"><\/path><\/svg>\t\t\t\t\t\t<\/span>\n\t\t\t\t\t\t\t\t\t\t<span class=\"elementor-icon-list-text\">Be part of a Corporate Account \u2013 Since we also offer our services to businesses and corporations, organizations within\nour membership area can open accounts in the Caribe Federal.<\/span>\n\t\t\t\t\t\t\t\t\t<\/li>\n\t\t\t\t\t\t<\/ul>\n\t\t\t\t\t\t<\/div>\n\t\t\t\t<\/div>\n\t\t\t\t<div class=\"elementor-element elementor-element-07653b4 elementor-widget elementor-widget-text-editor\" data-id=\"07653b4\" data-element_type=\"widget\" data-e-type=\"widget\" data-widget_type=\"text-editor.default\">\n\t\t\t\t<div class=\"elementor-widget-container\">\n\t\t\t\t\t\t\t\t\t<p>Call us or apply through the Internet!\u00a0<\/p>\t\t\t\t\t\t\t\t<\/div>\n\t\t\t\t<\/div>\n\t\t\t\t<\/div>\n\t\t<div class=\"elementor-element elementor-element-c6d04b6 e-con-full e-flex e-con e-child\" data-id=\"c6d04b6\" data-element_type=\"container\" data-e-type=\"container\">\n\t\t\t\t<div class=\"elementor-element elementor-element-2d3cfed elementor-widget elementor-widget-video\" data-id=\"2d3cfed\" data-element_type=\"widget\" data-e-type=\"widget\" data-settings=\"{&quot;video_type&quot;:&quot;hosted&quot;,&quot;show_image_overlay&quot;:&quot;yes&quot;,&quot;image_overlay&quot;:{&quot;url&quot;:&quot;https:\\\/\\\/caribefederal.com\\\/wp-content\\\/uploads\\\/2025\\\/04\\\/poster-video-join-us.png&quot;,&quot;id&quot;:677,&quot;size&quot;:&quot;&quot;,&quot;alt&quot;:&quot;&quot;,&quot;source&quot;:&quot;library&quot;},&quot;controls&quot;:&quot;yes&quot;}\" data-widget_type=\"video.default\">\n\t\t\t\t<div class=\"elementor-widget-container\">\n\t\t\t\t\t\t\t<div class=\"e-hosted-video elementor-wrapper elementor-open-inline\">\n\t\t\t\t\t<video class=\"elementor-video\" src=\"https:\/\/caribefederal.com\/wp-content\/uploads\/2025\/04\/Testimonio-Autos.mp4\" controls=\"\" preload=\"auto\" controlslist=\"nodownload\"><\/video>\n\t\t\t\t\t\t<div class=\"elementor-custom-embed-image-overlay\" style=\"background-image: url(https:\/\/caribefederal.com\/wp-content\/uploads\/2025\/04\/poster-video-join-us.webp);\">\n\t\t\t\t\t\t\t\t\t\t\t\t\t\t\t\t<div class=\"elementor-custom-embed-play\" role=\"button\" aria-label=\"Reproducir v\u00eddeo\" tabindex=\"0\">\n\t\t\t\t\t\t\t<svg xmlns=\"http:\/\/www.w3.org\/2000\/svg\" width=\"32\" height=\"32\" fill=\"#000000\" viewbox=\"0 0 256 256\"><path d=\"M128,24A104,104,0,1,0,232,128,104.11,104.11,0,0,0,128,24Zm0,192a88,88,0,1,1,88-88A88.1,88.1,0,0,1,128,216Zm48.24-94.78-64-40A8,8,0,0,0,100,88v80a8,8,0,0,0,12.24,6.78l64-40a8,8,0,0,0,0-13.56ZM116,153.57V102.43L156.91,128Z\"><\/path><\/svg>\t\t\t\t\t\t<\/div>\n\t\t\t\t\t\t\t\t\t<\/div>\n\t\t\t\t\t<\/div>\n\t\t\t\t\t\t<\/div>\n\t\t\t\t<\/div>\n\t\t\t\t<\/div>\n\t\t\t\t<\/div>\n\t\t\t\t\t<\/div>\n\t\t\t\t<\/div>\n\t\t\t\t<\/div>","protected":false},"excerpt":{"rendered":"<p>\u00a1T\u00fa puedes ser socio! \u00bfQui\u00e9n puede ser socio de Caribe Federal? Al ser empleado federal o empleado federal retirado, autom\u00e1ticamente cualificas para ser socio. Adem\u00e1s, cualifican aquellas personas que viven, laboran, asisten o participan en escuelas, negocios o cualquier entidad legal localizada en una comunidad desatendida de los pueblos de R\u00edo Grande, A\u00f1asco o San [&hellip;]<\/p>\n","protected":false},"author":6,"featured_media":0,"parent":0,"menu_order":0,"comment_status":"closed","ping_status":"closed","template":"","meta":{"footnotes":""},"class_list":["post-642","page","type-page","status-publish","hentry"],"_links":{"self":[{"href":"https:\/\/caribefederal.com\/en\/wp-json\/wp\/v2\/pages\/642","targetHints":{"allow":["GET"]}}],"collection":[{"href":"https:\/\/caribefederal.com\/en\/wp-json\/wp\/v2\/pages"}],"about":[{"href":"https:\/\/caribefederal.com\/en\/wp-json\/wp\/v2\/types\/page"}],"author":[{"embeddable":true,"href":"https:\/\/caribefederal.com\/en\/wp-json\/wp\/v2\/users\/6"}],"replies":[{"embeddable":true,"href":"https:\/\/caribefederal.com\/en\/wp-json\/wp\/v2\/comments?post=642"}],"version-history":[{"count":74,"href":"https:\/\/caribefederal.com\/en\/wp-json\/wp\/v2\/pages\/642\/revisions"}],"predecessor-version":[{"id":19579,"href":"https:\/\/caribefederal.com\/en\/wp-json\/wp\/v2\/pages\/642\/revisions\/19579"}],"wp:attachment":[{"href":"https:\/\/caribefederal.com\/en\/wp-json\/wp\/v2\/media?parent=642"}],"curies":[{"name":"wp","href":"https:\/\/api.w.org\/{rel}","templated":true}]}}