{"id":18743,"date":"2025-05-05T19:10:27","date_gmt":"2025-05-05T23:10:27","guid":{"rendered":"http:\/\/staging.caribefederal.com\/?page_id=18743"},"modified":"2025-07-26T23:48:45","modified_gmt":"2025-07-27T03:48:45","slug":"prestamos-de-auto-solicitar-informacion","status":"publish","type":"page","link":"https:\/\/caribefederal.com\/en\/prestamos-de-auto-solicitar-informacion\/","title":{"rendered":"Pr\u00e9stamos de Auto &#8211; Solicitar informaci\u00f3n"},"content":{"rendered":"\t\t<div data-elementor-type=\"wp-page\" data-elementor-id=\"18743\" class=\"elementor elementor-18743\" data-elementor-post-type=\"page\">\n\t\t\t\t<div class=\"elementor-element elementor-element-1906c11 e-flex e-con-boxed e-con e-parent\" data-id=\"1906c11\" data-element_type=\"container\" data-e-type=\"container\">\n\t\t\t\t\t<div class=\"e-con-inner\">\n\t\t\t\t<div class=\"elementor-element elementor-element-1ab839c elementor-widget__width-inherit elementor-widget elementor-widget-heading\" data-id=\"1ab839c\" data-element_type=\"widget\" data-e-type=\"widget\" data-widget_type=\"heading.default\">\n\t\t\t\t<div class=\"elementor-widget-container\">\n\t\t\t\t\t<h2 class=\"elementor-heading-title elementor-size-default\">Pr\u00e9stamos de Autos<\/h2>\t\t\t\t<\/div>\n\t\t\t\t<\/div>\n\t\t\t\t<div class=\"elementor-element elementor-element-5163e57 elementor-widget elementor-widget-text-editor\" data-id=\"5163e57\" data-element_type=\"widget\" data-e-type=\"widget\" data-widget_type=\"text-editor.default\">\n\t\t\t\t<div class=\"elementor-widget-container\">\n\t\t\t\t\t\t\t\t\tSolicitar m\u00e1s informaci\u00f3n\t\t\t\t\t\t\t\t<\/div>\n\t\t\t\t<\/div>\n\t\t\t\t\t<\/div>\n\t\t\t\t<\/div>\n\t\t<div class=\"elementor-element elementor-element-ce70bbc e-flex e-con-boxed e-con e-parent\" data-id=\"ce70bbc\" data-element_type=\"container\" data-e-type=\"container\">\n\t\t\t\t\t<div class=\"e-con-inner\">\n\t\t\t\t<div class=\"elementor-element elementor-element-0746d73 elementor-widget__width-initial elementor-button-align-stretch elementor-widget elementor-widget-form\" data-id=\"0746d73\" data-element_type=\"widget\" data-e-type=\"widget\" data-settings=\"{&quot;step_next_label&quot;:&quot;Siguiente&quot;,&quot;step_previous_label&quot;:&quot;Anterior&quot;,&quot;button_width&quot;:&quot;100&quot;,&quot;step_type&quot;:&quot;number_text&quot;,&quot;step_icon_shape&quot;:&quot;circle&quot;}\" data-no-translation=\"\" data-widget_type=\"form.default\">\n\t\t\t\t<div class=\"elementor-widget-container\">\n\t\t\t\t\t<style>.elementor-element-0746d73{display:none !important}<\/style>\t\t\t\t<\/div>\n\t\t\t\t<\/div>\n\t\t\t\t<div class=\"elementor-element elementor-element-21541ea elementor-widget__width-initial elementor-button-align-stretch elementor-widget elementor-widget-form\" data-id=\"21541ea\" data-element_type=\"widget\" data-e-type=\"widget\" data-settings=\"{&quot;step_next_label&quot;:&quot;Siguiente&quot;,&quot;step_previous_label&quot;:&quot;Anterior&quot;,&quot;button_width&quot;:&quot;100&quot;,&quot;step_type&quot;:&quot;number_text&quot;,&quot;step_icon_shape&quot;:&quot;circle&quot;}\" data-no-translation=\"\" data-widget_type=\"form.default\">\n\t\t\t\t<div class=\"elementor-widget-container\">\n\t\t\t\t\t\t\t<form class=\"elementor-form\" method=\"post\" id=\"auto_loans_en_form\" name=\"Auto Loans\" aria-label=\"Auto Loans\">\n\t\t\t<input type=\"hidden\" name=\"post_id\" value=\"18743\"\/>\n\t\t\t<input type=\"hidden\" name=\"form_id\" value=\"21541ea\"\/>\n\t\t\t<input type=\"hidden\" name=\"referer_title\" value=\"\" \/>\n\n\t\t\t\n\t\t\t<div class=\"elementor-form-fields-wrapper elementor-labels-\">\n\t\t\t\t\t\t\t\t<div class=\"elementor-field-type-text elementor-field-group elementor-column elementor-field-group-name elementor-col-100 elementor-field-required\">\n\t\t\t\t\t\t\t\t\t\t\t\t<label for=\"form-field-name\" class=\"elementor-field-label elementor-screen-only\">\n\t\t\t\t\t\t\t\tFull Name\t\t\t\t\t\t\t<\/label>\n\t\t\t\t\t\t\t\t\t\t\t\t\t\t<input size=\"1\" type=\"text\" name=\"form_fields[name]\" id=\"form-field-name\" class=\"elementor-field elementor-size-md  elementor-field-textual\" placeholder=\"Full Name\" required=\"required\">\n\t\t\t\t\t\t\t\t\t\t\t<\/div>\n\t\t\t\t\t\t\t\t<div class=\"elementor-field-type-text elementor-field-group elementor-column elementor-field-group-field_0e7e5e3 elementor-col-100\">\n\t\t\t\t\t\t\t\t\t\t\t\t<label for=\"form-field-field_0e7e5e3\" class=\"elementor-field-label elementor-screen-only\">\n\t\t\t\t\t\t\t\tCompany\t\t\t\t\t\t\t<\/label>\n\t\t\t\t\t\t\t\t\t\t\t\t\t\t<input size=\"1\" type=\"text\" name=\"form_fields[field_0e7e5e3]\" id=\"form-field-field_0e7e5e3\" class=\"elementor-field elementor-size-md  elementor-field-textual\" placeholder=\"Company\">\n\t\t\t\t\t\t\t\t\t\t\t<\/div>\n\t\t\t\t\t\t\t\t<div class=\"elementor-field-type-text elementor-field-group elementor-column elementor-field-group-field_8578132 elementor-col-100 elementor-field-required\">\n\t\t\t\t\t\t\t\t\t\t\t\t<label for=\"form-field-field_8578132\" class=\"elementor-field-label elementor-screen-only\">\n\t\t\t\t\t\t\t\tStreet Address\t\t\t\t\t\t\t<\/label>\n\t\t\t\t\t\t\t\t\t\t\t\t\t\t<input size=\"1\" type=\"text\" name=\"form_fields[field_8578132]\" id=\"form-field-field_8578132\" class=\"elementor-field elementor-size-md  elementor-field-textual\" placeholder=\"Street Address\" required=\"required\">\n\t\t\t\t\t\t\t\t\t\t\t<\/div>\n\t\t\t\t\t\t\t\t<div class=\"elementor-field-type-text elementor-field-group elementor-column elementor-field-group-field_18278ad elementor-col-100\">\n\t\t\t\t\t\t\t\t\t\t\t\t<label for=\"form-field-field_18278ad\" class=\"elementor-field-label elementor-screen-only\">\n\t\t\t\t\t\t\t\tStreet Address Line 2\t\t\t\t\t\t\t<\/label>\n\t\t\t\t\t\t\t\t\t\t\t\t\t\t<input size=\"1\" type=\"text\" name=\"form_fields[field_18278ad]\" id=\"form-field-field_18278ad\" class=\"elementor-field elementor-size-md  elementor-field-textual\" placeholder=\"Street Address Line  2\">\n\t\t\t\t\t\t\t\t\t\t\t<\/div>\n\t\t\t\t\t\t\t\t<div class=\"elementor-field-type-text elementor-field-group elementor-column elementor-field-group-field_2aee71a elementor-col-50 elementor-field-required\">\n\t\t\t\t\t\t\t\t\t\t\t\t<label for=\"form-field-field_2aee71a\" class=\"elementor-field-label elementor-screen-only\">\n\t\t\t\t\t\t\t\tCity\t\t\t\t\t\t\t<\/label>\n\t\t\t\t\t\t\t\t\t\t\t\t\t\t<input size=\"1\" type=\"text\" name=\"form_fields[field_2aee71a]\" id=\"form-field-field_2aee71a\" class=\"elementor-field elementor-size-md  elementor-field-textual\" placeholder=\"City\" required=\"required\">\n\t\t\t\t\t\t\t\t\t\t\t<\/div>\n\t\t\t\t\t\t\t\t<div class=\"elementor-field-type-text elementor-field-group elementor-column elementor-field-group-field_7bd2065 elementor-col-50 elementor-field-required\">\n\t\t\t\t\t\t\t\t\t\t\t\t<label for=\"form-field-field_7bd2065\" class=\"elementor-field-label elementor-screen-only\">\n\t\t\t\t\t\t\t\tState \/ Province\t\t\t\t\t\t\t<\/label>\n\t\t\t\t\t\t\t\t\t\t\t\t\t\t<input size=\"1\" type=\"text\" name=\"form_fields[field_7bd2065]\" id=\"form-field-field_7bd2065\" class=\"elementor-field elementor-size-md  elementor-field-textual\" placeholder=\"State \/ Province\" required=\"required\">\n\t\t\t\t\t\t\t\t\t\t\t<\/div>\n\t\t\t\t\t\t\t\t<div class=\"elementor-field-type-text elementor-field-group elementor-column elementor-field-group-field_14c9178 elementor-col-50 elementor-field-required\">\n\t\t\t\t\t\t\t\t\t\t\t\t<label for=\"form-field-field_14c9178\" class=\"elementor-field-label elementor-screen-only\">\n\t\t\t\t\t\t\t\tPostal \/ Zip code\t\t\t\t\t\t\t<\/label>\n\t\t\t\t\t\t\t\t\t\t\t\t\t\t<input size=\"1\" type=\"text\" name=\"form_fields[field_14c9178]\" id=\"form-field-field_14c9178\" class=\"elementor-field elementor-size-md  elementor-field-textual\" placeholder=\"Postal \/ Zip code\" required=\"required\">\n\t\t\t\t\t\t\t\t\t\t\t<\/div>\n\t\t\t\t\t\t\t\t<div class=\"elementor-field-type-select elementor-field-group elementor-column elementor-field-group-field_e631282 elementor-col-50 elementor-field-required\">\n\t\t\t\t\t\t\t\t\t\t\t\t<label for=\"form-field-field_e631282\" class=\"elementor-field-label elementor-screen-only\">\n\t\t\t\t\t\t\t\tCountry\t\t\t\t\t\t\t<\/label>\n\t\t\t\t\t\t\t\t<div class=\"elementor-field elementor-select-wrapper remove-before \">\n\t\t\t<div class=\"select-caret-down-wrapper\">\n\t\t\t\t<svg aria-hidden=\"true\" class=\"e-font-icon-svg e-eicon-caret-down\" viewBox=\"0 0 571.4 571.4\" xmlns=\"http:\/\/www.w3.org\/2000\/svg\"><path d=\"M571 393Q571 407 561 418L311 668Q300 679 286 679T261 668L11 418Q0 407 0 393T11 368 36 357H536Q550 357 561 368T571 393Z\"><\/path><\/svg>\t\t\t<\/div>\n\t\t\t<select name=\"form_fields[field_e631282]\" id=\"form-field-field_e631282\" class=\"elementor-field-textual elementor-size-md\" required=\"required\">\n\t\t\t\t\t\t\t\t\t<option value=\"Select\">Select<\/option>\n\t\t\t\t\t\t\t\t\t<option value=\"Afghanistan\">Afghanistan<\/option>\n\t\t\t\t\t\t\t\t\t<option value=\"Albania\">Albania<\/option>\n\t\t\t\t\t\t\t\t\t<option value=\"Algeria\">Algeria<\/option>\n\t\t\t\t\t\t\t\t\t<option value=\"Andorra\">Andorra<\/option>\n\t\t\t\t\t\t\t\t\t<option value=\"Angola\">Angola<\/option>\n\t\t\t\t\t\t\t\t\t<option value=\"Antigua and Barbuda\">Antigua and Barbuda<\/option>\n\t\t\t\t\t\t\t\t\t<option value=\"Argentina\">Argentina<\/option>\n\t\t\t\t\t\t\t\t\t<option value=\"Armenia\">Armenia<\/option>\n\t\t\t\t\t\t\t\t\t<option value=\"Australia\">Australia<\/option>\n\t\t\t\t\t\t\t\t\t<option value=\"Austria\">Austria<\/option>\n\t\t\t\t\t\t\t\t\t<option value=\"Azerbaijan\">Azerbaijan<\/option>\n\t\t\t\t\t\t\t\t\t<option value=\"Bahamas\">Bahamas<\/option>\n\t\t\t\t\t\t\t\t\t<option value=\"Bahrain\">Bahrain<\/option>\n\t\t\t\t\t\t\t\t\t<option value=\"Bangladesh\">Bangladesh<\/option>\n\t\t\t\t\t\t\t\t\t<option value=\"Barbados\">Barbados<\/option>\n\t\t\t\t\t\t\t\t\t<option value=\"Belarus\">Belarus<\/option>\n\t\t\t\t\t\t\t\t\t<option value=\"Belgium\">Belgium<\/option>\n\t\t\t\t\t\t\t\t\t<option value=\"Belize\">Belize<\/option>\n\t\t\t\t\t\t\t\t\t<option value=\"Benin\">Benin<\/option>\n\t\t\t\t\t\t\t\t\t<option value=\"Bhutan\">Bhutan<\/option>\n\t\t\t\t\t\t\t\t\t<option value=\"Bolivia\">Bolivia<\/option>\n\t\t\t\t\t\t\t\t\t<option value=\"Bosnia and Herzegovina\">Bosnia and Herzegovina<\/option>\n\t\t\t\t\t\t\t\t\t<option value=\"Botswana\">Botswana<\/option>\n\t\t\t\t\t\t\t\t\t<option value=\"Brazil\">Brazil<\/option>\n\t\t\t\t\t\t\t\t\t<option value=\"Brunei\">Brunei<\/option>\n\t\t\t\t\t\t\t\t\t<option value=\"Bulgaria\">Bulgaria<\/option>\n\t\t\t\t\t\t\t\t\t<option value=\"Burkina Faso\">Burkina Faso<\/option>\n\t\t\t\t\t\t\t\t\t<option value=\"Burundi\">Burundi<\/option>\n\t\t\t\t\t\t\t\t\t<option value=\"Cabo Verde\">Cabo Verde<\/option>\n\t\t\t\t\t\t\t\t\t<option value=\"Cambodia\">Cambodia<\/option>\n\t\t\t\t\t\t\t\t\t<option value=\"Cameroon\">Cameroon<\/option>\n\t\t\t\t\t\t\t\t\t<option value=\"Canada\">Canada<\/option>\n\t\t\t\t\t\t\t\t\t<option value=\"Central African Republic\">Central African Republic<\/option>\n\t\t\t\t\t\t\t\t\t<option value=\"Chad\">Chad<\/option>\n\t\t\t\t\t\t\t\t\t<option value=\"Chile\">Chile<\/option>\n\t\t\t\t\t\t\t\t\t<option value=\"China\">China<\/option>\n\t\t\t\t\t\t\t\t\t<option value=\"Colombia\">Colombia<\/option>\n\t\t\t\t\t\t\t\t\t<option value=\"Comoros\">Comoros<\/option>\n\t\t\t\t\t\t\t\t\t<option value=\"Congo (Brazzaville)\">Congo (Brazzaville)<\/option>\n\t\t\t\t\t\t\t\t\t<option value=\"Congo (Kinshasa)\">Congo (Kinshasa)<\/option>\n\t\t\t\t\t\t\t\t\t<option value=\"Costa Rica\">Costa Rica<\/option>\n\t\t\t\t\t\t\t\t\t<option value=\"Croatia\">Croatia<\/option>\n\t\t\t\t\t\t\t\t\t<option value=\"Cuba\">Cuba<\/option>\n\t\t\t\t\t\t\t\t\t<option value=\"Cyprus\">Cyprus<\/option>\n\t\t\t\t\t\t\t\t\t<option value=\"Czech Republic\">Czech Republic<\/option>\n\t\t\t\t\t\t\t\t\t<option value=\"Denmark\">Denmark<\/option>\n\t\t\t\t\t\t\t\t\t<option value=\"Djibouti\">Djibouti<\/option>\n\t\t\t\t\t\t\t\t\t<option value=\"Dominica\">Dominica<\/option>\n\t\t\t\t\t\t\t\t\t<option value=\"Dominican Republic\">Dominican Republic<\/option>\n\t\t\t\t\t\t\t\t\t<option value=\"East Timor (Timor-Leste)\">East Timor (Timor-Leste)<\/option>\n\t\t\t\t\t\t\t\t\t<option value=\"Ecuador\">Ecuador<\/option>\n\t\t\t\t\t\t\t\t\t<option value=\"Egypt\">Egypt<\/option>\n\t\t\t\t\t\t\t\t\t<option value=\"El Salvador\">El Salvador<\/option>\n\t\t\t\t\t\t\t\t\t<option value=\"Equatorial Guinea\">Equatorial Guinea<\/option>\n\t\t\t\t\t\t\t\t\t<option value=\"Eritrea\">Eritrea<\/option>\n\t\t\t\t\t\t\t\t\t<option value=\"Estonia\">Estonia<\/option>\n\t\t\t\t\t\t\t\t\t<option value=\"Eswatini\">Eswatini<\/option>\n\t\t\t\t\t\t\t\t\t<option value=\"Ethiopia\">Ethiopia<\/option>\n\t\t\t\t\t\t\t\t\t<option value=\"Fiji\">Fiji<\/option>\n\t\t\t\t\t\t\t\t\t<option value=\"Finland\">Finland<\/option>\n\t\t\t\t\t\t\t\t\t<option value=\"France\">France<\/option>\n\t\t\t\t\t\t\t\t\t<option value=\"Gabon\">Gabon<\/option>\n\t\t\t\t\t\t\t\t\t<option value=\"Gambia\">Gambia<\/option>\n\t\t\t\t\t\t\t\t\t<option value=\"Georgia\">Georgia<\/option>\n\t\t\t\t\t\t\t\t\t<option value=\"Germany\">Germany<\/option>\n\t\t\t\t\t\t\t\t\t<option value=\"Ghana\">Ghana<\/option>\n\t\t\t\t\t\t\t\t\t<option value=\"Greece\">Greece<\/option>\n\t\t\t\t\t\t\t\t\t<option value=\"Grenada\">Grenada<\/option>\n\t\t\t\t\t\t\t\t\t<option value=\"Guatemala\">Guatemala<\/option>\n\t\t\t\t\t\t\t\t\t<option value=\"Guinea\">Guinea<\/option>\n\t\t\t\t\t\t\t\t\t<option value=\"Guinea-Bissau\">Guinea-Bissau<\/option>\n\t\t\t\t\t\t\t\t\t<option value=\"Guyana\">Guyana<\/option>\n\t\t\t\t\t\t\t\t\t<option value=\"Haiti\">Haiti<\/option>\n\t\t\t\t\t\t\t\t\t<option value=\"Honduras\">Honduras<\/option>\n\t\t\t\t\t\t\t\t\t<option value=\"Hungary\">Hungary<\/option>\n\t\t\t\t\t\t\t\t\t<option value=\"Iceland\">Iceland<\/option>\n\t\t\t\t\t\t\t\t\t<option value=\"India\">India<\/option>\n\t\t\t\t\t\t\t\t\t<option value=\"Indonesia\">Indonesia<\/option>\n\t\t\t\t\t\t\t\t\t<option value=\"Iran\">Iran<\/option>\n\t\t\t\t\t\t\t\t\t<option value=\"Iraq\">Iraq<\/option>\n\t\t\t\t\t\t\t\t\t<option value=\"Ireland\">Ireland<\/option>\n\t\t\t\t\t\t\t\t\t<option value=\"Israel\">Israel<\/option>\n\t\t\t\t\t\t\t\t\t<option value=\"Italy\">Italy<\/option>\n\t\t\t\t\t\t\t\t\t<option value=\"Jamaica\">Jamaica<\/option>\n\t\t\t\t\t\t\t\t\t<option value=\"Japan\">Japan<\/option>\n\t\t\t\t\t\t\t\t\t<option value=\"Jordan\">Jordan<\/option>\n\t\t\t\t\t\t\t\t\t<option value=\"Kazakhstan\">Kazakhstan<\/option>\n\t\t\t\t\t\t\t\t\t<option value=\"Kenya\">Kenya<\/option>\n\t\t\t\t\t\t\t\t\t<option value=\"Kiribati\">Kiribati<\/option>\n\t\t\t\t\t\t\t\t\t<option value=\"Korea, North\">Korea, North<\/option>\n\t\t\t\t\t\t\t\t\t<option value=\"Korea, South\">Korea, South<\/option>\n\t\t\t\t\t\t\t\t\t<option value=\"Kosovo\">Kosovo<\/option>\n\t\t\t\t\t\t\t\t\t<option value=\"Kuwait\">Kuwait<\/option>\n\t\t\t\t\t\t\t\t\t<option value=\"Kyrgyzstan\">Kyrgyzstan<\/option>\n\t\t\t\t\t\t\t\t\t<option value=\"Laos\">Laos<\/option>\n\t\t\t\t\t\t\t\t\t<option value=\"Latvia\">Latvia<\/option>\n\t\t\t\t\t\t\t\t\t<option value=\"Lebanon\">Lebanon<\/option>\n\t\t\t\t\t\t\t\t\t<option value=\"Lesotho\">Lesotho<\/option>\n\t\t\t\t\t\t\t\t\t<option value=\"Liberia\">Liberia<\/option>\n\t\t\t\t\t\t\t\t\t<option value=\"Libya\">Libya<\/option>\n\t\t\t\t\t\t\t\t\t<option value=\"Liechtenstein\">Liechtenstein<\/option>\n\t\t\t\t\t\t\t\t\t<option value=\"Lithuania\">Lithuania<\/option>\n\t\t\t\t\t\t\t\t\t<option value=\"Luxembourg\">Luxembourg<\/option>\n\t\t\t\t\t\t\t\t\t<option value=\"Madagascar\">Madagascar<\/option>\n\t\t\t\t\t\t\t\t\t<option value=\"Malawi\">Malawi<\/option>\n\t\t\t\t\t\t\t\t\t<option value=\"Malaysia\">Malaysia<\/option>\n\t\t\t\t\t\t\t\t\t<option value=\"Maldives\">Maldives<\/option>\n\t\t\t\t\t\t\t\t\t<option value=\"Mali\">Mali<\/option>\n\t\t\t\t\t\t\t\t\t<option value=\"Malta\">Malta<\/option>\n\t\t\t\t\t\t\t\t\t<option value=\"Marshall Islands\">Marshall Islands<\/option>\n\t\t\t\t\t\t\t\t\t<option value=\"Mauritania\">Mauritania<\/option>\n\t\t\t\t\t\t\t\t\t<option value=\"Mauritius\">Mauritius<\/option>\n\t\t\t\t\t\t\t\t\t<option value=\"Mexico\">Mexico<\/option>\n\t\t\t\t\t\t\t\t\t<option value=\"Micronesia\">Micronesia<\/option>\n\t\t\t\t\t\t\t\t\t<option value=\"Moldova\">Moldova<\/option>\n\t\t\t\t\t\t\t\t\t<option value=\"Monaco\">Monaco<\/option>\n\t\t\t\t\t\t\t\t\t<option value=\"Mongolia\">Mongolia<\/option>\n\t\t\t\t\t\t\t\t\t<option value=\"Montenegro\">Montenegro<\/option>\n\t\t\t\t\t\t\t\t\t<option value=\"Morocco\">Morocco<\/option>\n\t\t\t\t\t\t\t\t\t<option value=\"Mozambique\">Mozambique<\/option>\n\t\t\t\t\t\t\t\t\t<option value=\"Myanmar\">Myanmar<\/option>\n\t\t\t\t\t\t\t\t\t<option value=\"Namibia\">Namibia<\/option>\n\t\t\t\t\t\t\t\t\t<option value=\"Nauru\">Nauru<\/option>\n\t\t\t\t\t\t\t\t\t<option value=\"Nepal\">Nepal<\/option>\n\t\t\t\t\t\t\t\t\t<option value=\"Netherlands\">Netherlands<\/option>\n\t\t\t\t\t\t\t\t\t<option value=\"New Zealand\">New Zealand<\/option>\n\t\t\t\t\t\t\t\t\t<option value=\"Nicaragua\">Nicaragua<\/option>\n\t\t\t\t\t\t\t\t\t<option value=\"Niger\">Niger<\/option>\n\t\t\t\t\t\t\t\t\t<option value=\"Nigeria\">Nigeria<\/option>\n\t\t\t\t\t\t\t\t\t<option value=\"North Macedonia\">North Macedonia<\/option>\n\t\t\t\t\t\t\t\t\t<option value=\"Norway\">Norway<\/option>\n\t\t\t\t\t\t\t\t\t<option value=\"Oman\">Oman<\/option>\n\t\t\t\t\t\t\t\t\t<option value=\"Pakistan\">Pakistan<\/option>\n\t\t\t\t\t\t\t\t\t<option value=\"Palau\">Palau<\/option>\n\t\t\t\t\t\t\t\t\t<option value=\"Palestine State\">Palestine State<\/option>\n\t\t\t\t\t\t\t\t\t<option value=\"Panama\">Panama<\/option>\n\t\t\t\t\t\t\t\t\t<option value=\"Papua New Guinea\">Papua New Guinea<\/option>\n\t\t\t\t\t\t\t\t\t<option value=\"Paraguay\">Paraguay<\/option>\n\t\t\t\t\t\t\t\t\t<option value=\"Peru\">Peru<\/option>\n\t\t\t\t\t\t\t\t\t<option value=\"Philippines\">Philippines<\/option>\n\t\t\t\t\t\t\t\t\t<option value=\"Poland\">Poland<\/option>\n\t\t\t\t\t\t\t\t\t<option value=\"Portugal\">Portugal<\/option>\n\t\t\t\t\t\t\t\t\t<option value=\"Qatar\">Qatar<\/option>\n\t\t\t\t\t\t\t\t\t<option value=\"Romania\">Romania<\/option>\n\t\t\t\t\t\t\t\t\t<option value=\"Russia\">Russia<\/option>\n\t\t\t\t\t\t\t\t\t<option value=\"Rwanda\">Rwanda<\/option>\n\t\t\t\t\t\t\t\t\t<option value=\"Saint Kitts and Nevis\">Saint Kitts and Nevis<\/option>\n\t\t\t\t\t\t\t\t\t<option value=\"Saint Lucia\">Saint Lucia<\/option>\n\t\t\t\t\t\t\t\t\t<option value=\"Saint Vincent and the Grenadines\">Saint Vincent and the Grenadines<\/option>\n\t\t\t\t\t\t\t\t\t<option value=\"Samoa\">Samoa<\/option>\n\t\t\t\t\t\t\t\t\t<option value=\"San Marino\">San Marino<\/option>\n\t\t\t\t\t\t\t\t\t<option value=\"Sao Tome and Principe\">Sao Tome and Principe<\/option>\n\t\t\t\t\t\t\t\t\t<option value=\"Saudi Arabia\">Saudi Arabia<\/option>\n\t\t\t\t\t\t\t\t\t<option value=\"Senegal\">Senegal<\/option>\n\t\t\t\t\t\t\t\t\t<option value=\"Serbia\">Serbia<\/option>\n\t\t\t\t\t\t\t\t\t<option value=\"Seychelles\">Seychelles<\/option>\n\t\t\t\t\t\t\t\t\t<option value=\"Sierra Leone\">Sierra Leone<\/option>\n\t\t\t\t\t\t\t\t\t<option value=\"Singapore\">Singapore<\/option>\n\t\t\t\t\t\t\t\t\t<option value=\"Slovakia\">Slovakia<\/option>\n\t\t\t\t\t\t\t\t\t<option value=\"Slovenia\">Slovenia<\/option>\n\t\t\t\t\t\t\t\t\t<option value=\"Solomon Islands\">Solomon Islands<\/option>\n\t\t\t\t\t\t\t\t\t<option value=\"Somalia\">Somalia<\/option>\n\t\t\t\t\t\t\t\t\t<option value=\"South Africa\">South Africa<\/option>\n\t\t\t\t\t\t\t\t\t<option value=\"South Sudan\">South Sudan<\/option>\n\t\t\t\t\t\t\t\t\t<option value=\"Spain\">Spain<\/option>\n\t\t\t\t\t\t\t\t\t<option value=\"Sri Lanka\">Sri Lanka<\/option>\n\t\t\t\t\t\t\t\t\t<option value=\"Sudan\">Sudan<\/option>\n\t\t\t\t\t\t\t\t\t<option value=\"Suriname\">Suriname<\/option>\n\t\t\t\t\t\t\t\t\t<option value=\"Sweden\">Sweden<\/option>\n\t\t\t\t\t\t\t\t\t<option value=\"Switzerland\">Switzerland<\/option>\n\t\t\t\t\t\t\t\t\t<option value=\"Syria\">Syria<\/option>\n\t\t\t\t\t\t\t\t\t<option value=\"Taiwan\">Taiwan<\/option>\n\t\t\t\t\t\t\t\t\t<option value=\"Tajikistan\">Tajikistan<\/option>\n\t\t\t\t\t\t\t\t\t<option value=\"Tanzania\">Tanzania<\/option>\n\t\t\t\t\t\t\t\t\t<option value=\"Thailand\">Thailand<\/option>\n\t\t\t\t\t\t\t\t\t<option value=\"Togo\">Togo<\/option>\n\t\t\t\t\t\t\t\t\t<option value=\"Tonga\">Tonga<\/option>\n\t\t\t\t\t\t\t\t\t<option value=\"Trinidad and Tobago\">Trinidad and Tobago<\/option>\n\t\t\t\t\t\t\t\t\t<option value=\"Tunisia\">Tunisia<\/option>\n\t\t\t\t\t\t\t\t\t<option value=\"Turkey\">Turkey<\/option>\n\t\t\t\t\t\t\t\t\t<option value=\"Turkmenistan\">Turkmenistan<\/option>\n\t\t\t\t\t\t\t\t\t<option value=\"Tuvalu\">Tuvalu<\/option>\n\t\t\t\t\t\t\t\t\t<option value=\"Uganda\">Uganda<\/option>\n\t\t\t\t\t\t\t\t\t<option value=\"Ukraine\">Ukraine<\/option>\n\t\t\t\t\t\t\t\t\t<option value=\"United Arab Emirates\">United Arab Emirates<\/option>\n\t\t\t\t\t\t\t\t\t<option value=\"United Kingdom\">United Kingdom<\/option>\n\t\t\t\t\t\t\t\t\t<option value=\"United States\">United States<\/option>\n\t\t\t\t\t\t\t\t\t<option value=\"Uruguay\">Uruguay<\/option>\n\t\t\t\t\t\t\t\t\t<option value=\"Uzbekistan\">Uzbekistan<\/option>\n\t\t\t\t\t\t\t\t\t<option value=\"Vanuatu\">Vanuatu<\/option>\n\t\t\t\t\t\t\t\t\t<option value=\"Vatican City\">Vatican City<\/option>\n\t\t\t\t\t\t\t\t\t<option value=\"Venezuela\">Venezuela<\/option>\n\t\t\t\t\t\t\t\t\t<option value=\"Vietnam\">Vietnam<\/option>\n\t\t\t\t\t\t\t\t\t<option value=\"Yemen\">Yemen<\/option>\n\t\t\t\t\t\t\t\t\t<option value=\"Zambia\">Zambia<\/option>\n\t\t\t\t\t\t\t\t\t<option value=\"Zimbabwe\">Zimbabwe<\/option>\n\t\t\t\t\t\t\t<\/select>\n\t\t<\/div>\n\t\t\t\t\t\t<\/div>\n\t\t\t\t\t\t\t\t<div class=\"elementor-field-type-tel elementor-field-group elementor-column elementor-field-group-field_a531abf elementor-col-50\">\n\t\t\t\t\t\t\t\t\t\t\t\t<label for=\"form-field-field_a531abf\" class=\"elementor-field-label elementor-screen-only\">\n\t\t\t\t\t\t\t\tPhone number\t\t\t\t\t\t\t<\/label>\n\t\t\t\t\t\t\t\t<input size=\"1\" type=\"tel\" name=\"form_fields[field_a531abf]\" id=\"form-field-field_a531abf\" class=\"elementor-field elementor-size-md  elementor-field-textual\" placeholder=\"Phone number\" pattern=\"[0-9()#&amp;+*-=.]+\" title=\"Only numbers and phone characters (#, -, *, etc) are accepted.\">\n\n\t\t\t\t\t\t<\/div>\n\t\t\t\t\t\t\t\t<div class=\"elementor-field-type-email elementor-field-group elementor-column elementor-field-group-email elementor-col-50 elementor-field-required\">\n\t\t\t\t\t\t\t\t\t\t\t\t<label for=\"form-field-email\" class=\"elementor-field-label elementor-screen-only\">\n\t\t\t\t\t\t\t\tEmail\t\t\t\t\t\t\t<\/label>\n\t\t\t\t\t\t\t\t\t\t\t\t\t\t<input size=\"1\" type=\"email\" name=\"form_fields[email]\" id=\"form-field-email\" class=\"elementor-field elementor-size-md  elementor-field-textual\" placeholder=\"Email\" required=\"required\">\n\t\t\t\t\t\t\t\t\t\t\t<\/div>\n\t\t\t\t\t\t\t\t<div class=\"elementor-field-type-textarea elementor-field-group elementor-column elementor-field-group-message elementor-col-100 elementor-field-required\">\n\t\t\t\t\t\t\t\t\t\t\t\t<label for=\"form-field-message\" class=\"elementor-field-label elementor-screen-only\">\n\t\t\t\t\t\t\t\tPlease provide us a brief statement of what are you looking for or how can we help you.\t\t\t\t\t\t\t<\/label>\n\t\t\t\t\t\t<textarea class=\"elementor-field-textual elementor-field  elementor-size-md\" name=\"form_fields[message]\" id=\"form-field-message\" rows=\"4\" placeholder=\"Please provide us a brief statement of what are you looking for or how can we help you.\" required=\"required\"><\/textarea>\t\t\t\t<\/div>\n\t\t\t\t\t\t\t\t<div class=\"elementor-field-type-recaptcha_v3 elementor-field-group elementor-column elementor-field-group-field_72c165e elementor-col-100 recaptcha_v3-inline\">\n\t\t\t\t\t<div class=\"elementor-field\" id=\"form-field-field_72c165e\"><div class=\"elementor-g-recaptcha\" data-sitekey=\"6LduypApAAAAAAw941V3pXTNdEEWshX5106Olk_F\" data-type=\"v3\" data-action=\"Form\" data-badge=\"inline\" data-size=\"invisible\"><\/div><\/div>\t\t\t\t<\/div>\n\t\t\t\t\t\t\t\t<div class=\"elementor-field-group elementor-column elementor-field-type-submit elementor-col-100 e-form__buttons\">\n\t\t\t\t\t<button class=\"elementor-button elementor-size-md\" type=\"submit\">\n\t\t\t\t\t\t<span class=\"elementor-button-content-wrapper\">\n\t\t\t\t\t\t\t\t\t\t\t\t\t\t\t\t\t\t\t\t\t\t<span class=\"elementor-button-text\">Send<\/span>\n\t\t\t\t\t\t\t\t\t\t\t\t\t<\/span>\n\t\t\t\t\t<\/button>\n\t\t\t\t<\/div>\n\t\t\t<\/div>\n\t\t<\/form>\n\t\t\t\t\t\t<\/div>\n\t\t\t\t<\/div>\n\t\t\t\t\t<\/div>\n\t\t\t\t<\/div>\n\t\t\t\t<\/div>\n\t\t","protected":false},"excerpt":{"rendered":"<p>Pr\u00e9stamos de Autos Solicitar m\u00e1s informaci\u00f3n<\/p>","protected":false},"author":6,"featured_media":0,"parent":0,"menu_order":0,"comment_status":"closed","ping_status":"closed","template":"","meta":{"footnotes":""},"class_list":["post-18743","page","type-page","status-publish","hentry"],"_links":{"self":[{"href":"https:\/\/caribefederal.com\/en\/wp-json\/wp\/v2\/pages\/18743","targetHints":{"allow":["GET"]}}],"collection":[{"href":"https:\/\/caribefederal.com\/en\/wp-json\/wp\/v2\/pages"}],"about":[{"href":"https:\/\/caribefederal.com\/en\/wp-json\/wp\/v2\/types\/page"}],"author":[{"embeddable":true,"href":"https:\/\/caribefederal.com\/en\/wp-json\/wp\/v2\/users\/6"}],"replies":[{"embeddable":true,"href":"https:\/\/caribefederal.com\/en\/wp-json\/wp\/v2\/comments?post=18743"}],"version-history":[{"count":10,"href":"https:\/\/caribefederal.com\/en\/wp-json\/wp\/v2\/pages\/18743\/revisions"}],"predecessor-version":[{"id":19527,"href":"https:\/\/caribefederal.com\/en\/wp-json\/wp\/v2\/pages\/18743\/revisions\/19527"}],"wp:attachment":[{"href":"https:\/\/caribefederal.com\/en\/wp-json\/wp\/v2\/media?parent=18743"}],"curies":[{"name":"wp","href":"https:\/\/api.w.org\/{rel}","templated":true}]}}