{"id":18311,"date":"2025-04-04T16:10:30","date_gmt":"2025-04-04T20:10:30","guid":{"rendered":"http:\/\/staging.caribefederal.com\/?page_id=18311"},"modified":"2025-07-18T01:47:16","modified_gmt":"2025-07-18T05:47:16","slug":"oportunidades-de-empleo","status":"publish","type":"page","link":"https:\/\/caribefederal.com\/en\/oportunidades-de-empleo\/","title":{"rendered":"Job Openings"},"content":{"rendered":"<div data-elementor-type=\"wp-page\" data-elementor-id=\"18311\" class=\"elementor elementor-18311\" data-elementor-post-type=\"page\">\n\t\t\t\t<div class=\"elementor-element elementor-element-a2d71ed e-flex e-con-boxed e-con e-parent\" data-id=\"a2d71ed\" data-element_type=\"container\" data-e-type=\"container\">\n\t\t\t\t\t<div class=\"e-con-inner\">\n\t\t\t\t\t<\/div>\n\t\t\t\t<\/div>\n\t\t<div class=\"elementor-element elementor-element-500f3db e-flex e-con-boxed e-con e-parent\" data-id=\"500f3db\" data-element_type=\"container\" data-e-type=\"container\">\n\t\t\t\t\t<div class=\"e-con-inner\">\n\t\t\t\t<div class=\"elementor-element elementor-element-ab2cdc0 elementor-widget elementor-widget-heading\" data-id=\"ab2cdc0\" data-element_type=\"widget\" data-e-type=\"widget\" data-widget_type=\"heading.default\">\n\t\t\t\t<div class=\"elementor-widget-container\">\n\t\t\t\t\t<h2 class=\"elementor-heading-title elementor-size-default\">Join our team at Caribe Federal!<\/h2>\t\t\t\t<\/div>\n\t\t\t\t<\/div>\n\t\t\t\t<div class=\"elementor-element elementor-element-53b6075 elementor-widget elementor-widget-text-editor\" data-id=\"53b6075\" data-element_type=\"widget\" data-e-type=\"widget\" data-widget_type=\"text-editor.default\">\n\t\t\t\t<div class=\"elementor-widget-container\">\n\t\t\t\t\t\t\t\t\t<p>At Caribe Federal we enjoy offering a high quality and personalized service to our members. We invite you to join us.<\/p><p>Below you will see the vacancies available at this time. You can send your resume by email to <a role=\"link\" href=\"mailto:recursos.humanos@caribefederal.com\">recursos.humanos@caribefederal.com<\/a>, indicating which vacancy you are applying for. Caribe Federal is an equal opportunity employer.<\/p>\t\t\t\t\t\t\t\t<\/div>\n\t\t\t\t<\/div>\n\t\t\t\t\t<\/div>\n\t\t\t\t<\/div>\n\t\t<div class=\"elementor-element elementor-element-8b6fb5d e-flex e-con-boxed e-con e-parent\" data-id=\"8b6fb5d\" data-element_type=\"container\" data-e-type=\"container\">\n\t\t\t\t\t<div class=\"e-con-inner\">\n\t\t\t\t<div class=\"elementor-element elementor-element-ae56d62 elementor-widget elementor-widget-heading\" data-id=\"ae56d62\" data-element_type=\"widget\" data-e-type=\"widget\" data-widget_type=\"heading.default\">\n\t\t\t\t<div class=\"elementor-widget-container\">\n\t\t\t\t\t<h3 class=\"elementor-heading-title elementor-size-default\">CFCU is looking for a:<\/h3>\t\t\t\t<\/div>\n\t\t\t\t<\/div>\n\t\t<div class=\"elementor-element elementor-element-619fb7b e-grid e-con-full e-con e-child\" data-id=\"619fb7b\" data-element_type=\"container\" data-e-type=\"container\">\n\t\t\t\t<div class=\"elementor-element elementor-element-8e33bdf elementor-cta--valign-middle elementor-cta--layout-image-above elementor-bg-transform elementor-bg-transform-zoom-out elementor-cta--skin-classic elementor-animated-content elementor-widget elementor-widget-call-to-action\" data-id=\"8e33bdf\" data-element_type=\"widget\" data-e-type=\"widget\" data-widget_type=\"call-to-action.default\">\n\t\t\t\t<div class=\"elementor-widget-container\">\n\t\t\t\t\t\t\t<div class=\"elementor-cta\">\n\t\t\t\t\t\t\t<div class=\"elementor-cta__content\">\n\t\t\t\t\n\t\t\t\t\t\t\t\t\t<h6 class=\"elementor-cta__title elementor-cta__content-item elementor-content-item\">\n\t\t\t\t\t\tMortgage Loan Originator\t\t\t\t\t<\/h6>\n\t\t\t\t\n\t\t\t\t\t\t\t\t\t<div class=\"elementor-cta__description elementor-cta__content-item elementor-content-item\">\n\t\t\t\t\t\tSummary of Duties and responsibilities\t\t\t\t\t<\/div>\n\t\t\t\t\n\t\t\t\t\t\t\t\t\t<div class=\"elementor-cta__button-wrapper elementor-cta__content-item elementor-content-item\">\n\t\t\t\t\t<a class=\"elementor-cta__button elementor-button elementor-size-\" href=\"https:\/\/caribefederal.com\/wp-content\/uploads\/2025\/07\/MLO-position_.pdf\">\n\t\t\t\t\t\tDownload\t\t\t\t\t<\/a>\n\t\t\t\t\t<\/div>\n\t\t\t\t\t\t\t<\/div>\n\t\t\t\t\t\t<\/div>\n\t\t\t\t\t\t<\/div>\n\t\t\t\t<\/div>\n\t\t\t\t<\/div>\n\t\t\t\t\t<\/div>\n\t\t\t\t<\/div>\n\t\t\t\t<\/div>","protected":false},"excerpt":{"rendered":"<p>\u00a1\u00danete al equipo de Caribe Federal! En Caribe Federal disfrutamos el ofrecer un servicio de calidad y personalizado a nuestros socios. Te invitamos a que te unas a nosotros. A continuaci\u00f3n podr\u00e1s ver las vacantes disponibles en este momento. Puedes enviar tu resum\u00e9 por correo electr\u00f3nico a recursos.humanos@caribefederal.com, indicando a cu\u00e1l vacante est\u00e1s solicitando. Caribe [&hellip;]<\/p>\n","protected":false},"author":6,"featured_media":0,"parent":0,"menu_order":0,"comment_status":"closed","ping_status":"closed","template":"","meta":{"footnotes":""},"class_list":["post-18311","page","type-page","status-publish","hentry"],"_links":{"self":[{"href":"https:\/\/caribefederal.com\/en\/wp-json\/wp\/v2\/pages\/18311","targetHints":{"allow":["GET"]}}],"collection":[{"href":"https:\/\/caribefederal.com\/en\/wp-json\/wp\/v2\/pages"}],"about":[{"href":"https:\/\/caribefederal.com\/en\/wp-json\/wp\/v2\/types\/page"}],"author":[{"embeddable":true,"href":"https:\/\/caribefederal.com\/en\/wp-json\/wp\/v2\/users\/6"}],"replies":[{"embeddable":true,"href":"https:\/\/caribefederal.com\/en\/wp-json\/wp\/v2\/comments?post=18311"}],"version-history":[{"count":10,"href":"https:\/\/caribefederal.com\/en\/wp-json\/wp\/v2\/pages\/18311\/revisions"}],"predecessor-version":[{"id":18898,"href":"https:\/\/caribefederal.com\/en\/wp-json\/wp\/v2\/pages\/18311\/revisions\/18898"}],"wp:attachment":[{"href":"https:\/\/caribefederal.com\/en\/wp-json\/wp\/v2\/media?parent=18311"}],"curies":[{"name":"wp","href":"https:\/\/api.w.org\/{rel}","templated":true}]}}