{"id":18285,"date":"2025-04-04T15:42:41","date_gmt":"2025-04-04T19:42:41","guid":{"rendered":"http:\/\/staging.caribefederal.com\/?page_id=18285"},"modified":"2025-04-04T15:45:11","modified_gmt":"2025-04-04T19:45:11","slug":"biblioteca","status":"publish","type":"page","link":"https:\/\/caribefederal.com\/en\/biblioteca\/","title":{"rendered":"Library"},"content":{"rendered":"<div data-elementor-type=\"wp-page\" data-elementor-id=\"18285\" class=\"elementor elementor-18285\" data-elementor-post-type=\"page\">\n\t\t\t\t<div class=\"elementor-element elementor-element-5035b3d e-flex e-con-boxed e-con e-parent\" data-id=\"5035b3d\" data-element_type=\"container\" data-e-type=\"container\">\n\t\t\t\t\t<div class=\"e-con-inner\">\n\t\t\t\t<div class=\"elementor-element elementor-element-8e5a987 elementor-widget elementor-widget-text-editor\" data-id=\"8e5a987\" data-element_type=\"widget\" data-e-type=\"widget\" data-widget_type=\"text-editor.default\">\n\t\t\t\t<div class=\"elementor-widget-container\">\n\t\t\t\t\t\t\t\t\t<p>Welcome to our Virtual Library, where you will find our promotional brochures that will help to learn more about our services.<\/p>\t\t\t\t\t\t\t\t<\/div>\n\t\t\t\t<\/div>\n\t\t\t\t\t<\/div>\n\t\t\t\t<\/div>\n\t\t<div class=\"elementor-element elementor-element-c0b1755 e-flex e-con-boxed e-con e-parent\" data-id=\"c0b1755\" data-element_type=\"container\" data-e-type=\"container\">\n\t\t\t\t\t<div class=\"e-con-inner\">\n\t\t\t\t<div class=\"elementor-element elementor-element-932d8d6 elementor-widget elementor-widget-icon-box\" data-id=\"932d8d6\" data-element_type=\"widget\" data-e-type=\"widget\" data-widget_type=\"icon-box.default\">\n\t\t\t\t<div class=\"elementor-widget-container\">\n\t\t\t\t\t\t\t<div class=\"elementor-icon-box-wrapper\">\n\n\t\t\t\n\t\t\t\t\t\t<div class=\"elementor-icon-box-content\">\n\n\t\t\t\t\t\t\t\t\t<h2 class=\"elementor-icon-box-title\">\n\t\t\t\t\t\t<span  >\n\t\t\t\t\t\t\tEnter our Virtual Library\t\t\t\t\t\t<\/span>\n\t\t\t\t\t<\/h2>\n\t\t\t\t\n\t\t\t\t\n\t\t\t<\/div>\n\t\t\t\n\t\t<\/div>\n\t\t\t\t\t\t<\/div>\n\t\t\t\t<\/div>\n\t\t\t\t<div class=\"elementor-element elementor-element-5204660 elementor-widget elementor-widget-text-editor\" data-id=\"5204660\" data-element_type=\"widget\" data-e-type=\"widget\" data-widget_type=\"text-editor.default\">\n\t\t\t\t<div class=\"elementor-widget-container\">\n\t\t\t\t\t\t\t\t\t<p>Now you can have all the information in your hands without having to leave your home. You can download them wherever you are.<\/p>\t\t\t\t\t\t\t\t<\/div>\n\t\t\t\t<\/div>\n\t\t\t\t<div class=\"elementor-element elementor-element-fb9b98b elementor-widget__width-inherit elementor-widget elementor-widget-shortcode\" data-id=\"fb9b98b\" data-element_type=\"widget\" data-e-type=\"widget\" data-widget_type=\"shortcode.default\">\n\t\t\t\t<div class=\"elementor-widget-container\">\n\t\t\t\t\t\t\t<div class=\"elementor-shortcode\">\n<table id=\"tablepress-8\" class=\"tablepress tablepress-id-8 wp-block-table\">\n<thead>\n<tr class=\"row-1\">\n\t<td class=\"column-1\"><\/td><td class=\"column-2\"><\/td><td class=\"column-3\"><\/td>\n<\/tr>\n<\/thead>\n<tbody>\n<tr class=\"row-2\">\n\t<td class=\"column-1\"><img fetchpriority=\"high\" decoding=\"async\" src=\"https:\/\/caribefederal.com\/wp-content\/uploads\/2025\/04\/Personal-Online-and-Mobile-Services-User-Guide.jpg\" alt=\"\" width=\"232\" height=\"300\" class=\"alignnone size-medium wp-image-8031\" \/><\/td><td class=\"column-2\">Personal Online and Mobile Services User Guide<\/td><td class=\"column-3\"><a id=\"personal-mobile-guide\" href=\"https:\/\/mcompany.cld.bz\/Caribe-Federal-Personal-Online-and-Mobile-Services-User-Guide\" rel=\"noopener\" target=\"_blank\">DOWNLOAD<\/a><\/td>\n<\/tr>\n<tr class=\"row-3\">\n\t<td class=\"column-1\"><img decoding=\"async\" src=\"https:\/\/caribefederal.com\/wp-content\/uploads\/2025\/07\/Business-Online-and-Mobile-Services-User-Guide.jpg\" alt=\"\" width=\"232\" height=\"300\" class=\"alignnone size-medium wp-image-8031\" \/><\/td><td class=\"column-2\">Business Online and Mobile Services User Guide<\/td><td class=\"column-3\"><a id=\"business-mobile-guide\" href=\"https:\/\/mcompany.cld.bz\/Caribe-Federal-Business-Online-and-Mobile-Services-User-Guide\" rel=\"noopener\" target=\"_blank\">DOWNLOAD<\/a><\/td>\n<\/tr>\n<tr class=\"row-4\">\n\t<td class=\"column-1\"><img decoding=\"async\" src=\"https:\/\/caribefederal.com\/wp-content\/uploads\/2025\/04\/servicios-al-socio-library-232x300-1.jpg\" alt=\"\" width=\"232\" height=\"300\" class=\"alignnone size-medium wp-image-7630\" \/><\/td><td class=\"column-2\">Servicios al socio<\/td><td class=\"column-3\"><a id=\"servicios-socio-guide\" href=\"https:\/\/caribefederal.com\/wp-content\/uploads\/2025\/07\/servicios.pdf\" rel=\"noopener\" target=\"_blank\">DOWNLOAD<\/a><\/td>\n<\/tr>\n<tr class=\"row-5\">\n\t<td class=\"column-1\"><img loading=\"lazy\" decoding=\"async\" src=\"https:\/\/caribefederal.com\/wp-content\/uploads\/2025\/07\/servicios-electronicos-library-232x300-1.jpg\" alt=\"\" width=\"232\" height=\"300\" class=\"alignnone size-medium wp-image-7632\" \/><\/td><td class=\"column-2\">Servicios electr\u00f3nicos<\/td><td class=\"column-3\"><a id=\"servicios-electronicos-guide\" href=\"https:\/\/caribefederal.com\/wp-content\/uploads\/2025\/07\/ServiciosElectronicos-1-2.pdf\" rel=\"noopener\" target=\"_blank\">DOWNLOAD<\/a><\/td>\n<\/tr>\n<tr class=\"row-6\">\n\t<td class=\"column-1\"><img loading=\"lazy\" decoding=\"async\" src=\"https:\/\/caribefederal.com\/wp-content\/uploads\/2025\/04\/prestamos-library-232x300-1.jpg\" alt=\"\" width=\"232\" height=\"300\" class=\"alignnone size-medium wp-image-7642\" \/><\/td><td class=\"column-2\">Loans<\/td><td class=\"column-3\"><a id=\"prestamos-guide\" href=\"https:\/\/caribefederal.com\/wp-content\/uploads\/2025\/07\/Prestamos-3.pdf\" rel=\"noopener\" target=\"_blank\">DOWNLOAD<\/a><\/td>\n<\/tr>\n<tr class=\"row-7\">\n\t<td class=\"column-1\"><img loading=\"lazy\" decoding=\"async\" src=\"https:\/\/caribefederal.com\/wp-content\/uploads\/2025\/07\/CariKid-libreria-232x300-1.jpg\" alt=\"\" width=\"232\" height=\"300\" class=\"alignnone size-medium wp-image-8028\" \/><\/td><td class=\"column-2\">Cari Kid<\/td><td class=\"column-3\"><a id=\"cari-kid-guide\" href=\"https:\/\/caribefederal.com\/wp-content\/uploads\/2025\/07\/CariKid.pdf\" rel=\"noopener\" target=\"_blank\">DOWNLOAD<\/a><\/td>\n<\/tr>\n<tr class=\"row-8\">\n\t<td class=\"column-1\"><img loading=\"lazy\" decoding=\"async\" src=\"https:\/\/caribefederal.com\/wp-content\/uploads\/2025\/04\/i-Save.jpg\" alt=\"\" width=\"232\" height=\"300\" class=\"alignnone size-medium wp-image-8028\" \/><\/td><td class=\"column-2\">i-Save<\/td><td class=\"column-3\"><a id=\"i-save-guide\" href=\"https:\/\/caribefederal.com\/wp-content\/uploads\/2025\/07\/i-Save-1.pdf\" rel=\"noopener\" target=\"_blank\">DOWNLOAD<\/a><\/td>\n<\/tr>\n<tr class=\"row-9\">\n\t<td class=\"column-1\"><img loading=\"lazy\" decoding=\"async\" src=\"https:\/\/caribefederal.com\/wp-content\/uploads\/2025\/04\/proteccion-contra-el-fraude-libreria-232x300-1.jpg\" alt=\"\" width=\"232\" height=\"300\" class=\"alignnone size-medium wp-image-8031\" \/><\/td><td class=\"column-2\">Protecci\u00f3n contra el fraude<\/td><td class=\"column-3\"><a id=\"proteccion-fraude-guide\" href=\"https:\/\/caribefederal.com\/wp-content\/uploads\/2025\/07\/proteccion-contra-fraude.pdf\" rel=\"noopener\" target=\"_blank\">DOWNLOAD<\/a><\/td>\n<\/tr>\n<tr class=\"row-10\">\n\t<td class=\"column-1\"><img loading=\"lazy\" decoding=\"async\" src=\"https:\/\/caribefederal.com\/wp-content\/uploads\/2025\/12\/personal_accounts_fee_thumbnail_DEC25.jpg\" alt=\"\" width=\"232\" height=\"300\" class=\"alignnone size-medium wp-image-8031\" \/><\/td><td class=\"column-2\">Divulgaci\u00f3n de cargos por servicio: Cuentas Personales<\/td><td class=\"column-3\"><a id=\"divulgacion-cuentas-personales-guide\" href=\"https:\/\/caribefederal.com\/wp-content\/uploads\/2025\/12\/8.5x11-side-B.pdf\" rel=\"noopener\" target=\"_blank\">DOWNLOAD<\/a><\/td>\n<\/tr>\n<tr class=\"row-11\">\n\t<td class=\"column-1\"><img loading=\"lazy\" decoding=\"async\" src=\"https:\/\/caribefederal.com\/wp-content\/uploads\/2025\/12\/comercial_accounts_fee_thumbnail_DEC25.jpg\" alt=\"\" width=\"232\" height=\"300\" class=\"alignnone size-medium wp-image-8031\" \/><\/td><td class=\"column-2\">Divulgaci\u00f3n de cargos por servicio: Cuentas Comerciales<\/td><td class=\"column-3\"><a id=\"divulgacion-cuentas-comerciales-guide\" href=\"https:\/\/caribefederal.com\/wp-content\/uploads\/2025\/12\/DivCom-ing-8.5x11-2025-2.pdf\" rel=\"noopener\" target=\"_blank\">DOWNLOAD<\/a><\/td>\n<\/tr>\n<tr class=\"row-12\">\n\t<td class=\"column-1\"><img loading=\"lazy\" decoding=\"async\" src=\"https:\/\/caribefederal.com\/wp-content\/uploads\/2025\/04\/comerciales.jpg\" alt=\"\" width=\"232\" height=\"300\" class=\"alignnone size-medium wp-image-8031\" \/><\/td><td class=\"column-2\">Cuentas comerciales<\/td><td class=\"column-3\"><a id=\"cuentas-comerciales-guide\" href=\"https:\/\/caribefederal.com\/wp-content\/uploads\/2025\/07\/comerciales.pdf\" rel=\"noopener\" target=\"_blank\">DOWNLOAD<\/a><\/td>\n<\/tr>\n<\/tbody>\n<\/table>\n<!-- #tablepress-8 from cache --><\/div>\n\t\t\t\t\t\t<\/div>\n\t\t\t\t<\/div>\n\t\t\t\t\t<\/div>\n\t\t\t\t<\/div>\n\t\t\t\t<\/div>","protected":false},"excerpt":{"rendered":"<p>Bienvenido a nuestra biblioteca virtual, donde encontrar\u00e1s nuestros folletos promocionales que ayudar\u00e1n a conocer m\u00e1s de nuestros servicios. Ingresa a nuestra biblioteca virtual Ahora puedes tener toda la informaci\u00f3n en tus manos sin tener que salir de tu hogar. Puedes descargarlos donde quiera que est\u00e9s.<\/p>","protected":false},"author":6,"featured_media":0,"parent":0,"menu_order":0,"comment_status":"closed","ping_status":"closed","template":"","meta":{"footnotes":""},"class_list":["post-18285","page","type-page","status-publish","hentry"],"_links":{"self":[{"href":"https:\/\/caribefederal.com\/en\/wp-json\/wp\/v2\/pages\/18285","targetHints":{"allow":["GET"]}}],"collection":[{"href":"https:\/\/caribefederal.com\/en\/wp-json\/wp\/v2\/pages"}],"about":[{"href":"https:\/\/caribefederal.com\/en\/wp-json\/wp\/v2\/types\/page"}],"author":[{"embeddable":true,"href":"https:\/\/caribefederal.com\/en\/wp-json\/wp\/v2\/users\/6"}],"replies":[{"embeddable":true,"href":"https:\/\/caribefederal.com\/en\/wp-json\/wp\/v2\/comments?post=18285"}],"version-history":[{"count":5,"href":"https:\/\/caribefederal.com\/en\/wp-json\/wp\/v2\/pages\/18285\/revisions"}],"predecessor-version":[{"id":19475,"href":"https:\/\/caribefederal.com\/en\/wp-json\/wp\/v2\/pages\/18285\/revisions\/19475"}],"wp:attachment":[{"href":"https:\/\/caribefederal.com\/en\/wp-json\/wp\/v2\/media?parent=18285"}],"curies":[{"name":"wp","href":"https:\/\/api.w.org\/{rel}","templated":true}]}}