{"id":18260,"date":"2025-04-04T12:30:13","date_gmt":"2025-04-04T16:30:13","guid":{"rendered":"http:\/\/staging.caribefederal.com\/?page_id=18260"},"modified":"2025-07-25T19:36:08","modified_gmt":"2025-07-25T23:36:08","slug":"calculadora","status":"publish","type":"page","link":"https:\/\/caribefederal.com\/en\/calculadora\/","title":{"rendered":"Calculator"},"content":{"rendered":"<div data-elementor-type=\"wp-page\" data-elementor-id=\"18260\" class=\"elementor elementor-18260\" data-elementor-post-type=\"page\">\n\t\t\t\t<div class=\"elementor-element elementor-element-a4ee502 e-flex e-con-boxed e-con e-parent\" data-id=\"a4ee502\" data-element_type=\"container\" data-e-type=\"container\">\n\t\t\t\t\t<div class=\"e-con-inner\">\n\t\t\t\t\t<\/div>\n\t\t\t\t<\/div>\n\t\t<div class=\"elementor-element elementor-element-94efaea e-flex e-con-boxed e-con e-parent\" data-id=\"94efaea\" data-element_type=\"container\" data-e-type=\"container\">\n\t\t\t\t\t<div class=\"e-con-inner\">\n\t\t\t\t<div class=\"elementor-element elementor-element-1c74e49 elementor-widget elementor-widget-icon-box\" data-id=\"1c74e49\" data-element_type=\"widget\" data-e-type=\"widget\" data-widget_type=\"icon-box.default\">\n\t\t\t\t<div class=\"elementor-widget-container\">\n\t\t\t\t\t\t\t<div class=\"elementor-icon-box-wrapper\">\n\n\t\t\t\n\t\t\t\t\t\t<div class=\"elementor-icon-box-content\">\n\n\t\t\t\t\t\t\t\t\t<h3 class=\"elementor-icon-box-title\">\n\t\t\t\t\t\t<span  >\n\t\t\t\t\t\t\tCalculate your payment\t\t\t\t\t\t<\/span>\n\t\t\t\t\t<\/h3>\n\t\t\t\t\n\t\t\t\t\t\t\t\t\t<p class=\"elementor-icon-box-description\">\n\t\t\t\t\t\tUse this tool to calculate your possible monthly loan payment. It will help you make a better decision.\t\t\t\t\t<\/p>\n\t\t\t\t\n\t\t\t<\/div>\n\t\t\t\n\t\t<\/div>\n\t\t\t\t\t\t<\/div>\n\t\t\t\t<\/div>\n\t\t\t\t<div class=\"elementor-element elementor-element-f8848ae elementor-widget-tablet_extra__width-inherit elementor-widget elementor-widget-shortcode\" data-id=\"f8848ae\" data-element_type=\"widget\" data-e-type=\"widget\" data-widget_type=\"shortcode.default\">\n\t\t\t\t<div class=\"elementor-widget-container\">\n\t\t\t\t\t\t\t<div class=\"elementor-shortcode\">        <div class=\"loan-calculator-container\">\n            \n            <form id=\"loan-calculator-form\" class=\"loan-calculator-form\" action=\"\">\n                <input type=\"hidden\" id=\"loan_calculator_nonce\" name=\"loan_calculator_nonce\" value=\"094e8bd07f\" \/><input type=\"hidden\" name=\"_wp_http_referer\" value=\"\/en\/wp-json\/wp\/v2\/pages\/18260\" \/>                \n                <div class=\"form-group\">\n                    <label for=\"loan_amount\">Loan amount<\/label>\n                    <input type=\"number\" id=\"loan_amount\" name=\"loan_amount\" step=\"0.01\" min=\"0\" required>\n                <\/div>\n                \n                <div class=\"form-group\">\n                    <label for=\"interest_rate\">Interest rate<\/label>\n                    <input type=\"number\" id=\"interest_rate\" name=\"interest_rate\" step=\"0.01\" min=\"0\" max=\"100\" required>\n                <\/div>\n                \n                <div class=\"form-group\">\n                    <label for=\"loan_term\">Term, in years<\/label>\n                    <input type=\"number\" id=\"loan_term\" name=\"loan_term\" step=\"1\" min=\"1\" max=\"50\" required>\n                <\/div>\n                \n                <div class=\"form-buttons\">\n                    <button type=\"submit\" class=\"elementor-button elementor-button-link elementor-size-sm elementor-animation-grow btn-calculate\">\n                        <span class=\"elementor-button-content-wrapper\">\n                            <span class=\"elementor-button-text\">Calculate<\/span>\n                        <\/span>\n                    <\/button>\n                    <button type=\"button\" class=\"elementor-button elementor-button-link elementor-size-sm elementor-animation-grow btn-reset\">\n                        <span class=\"elementor-button-content-wrapper\">\n                            <span class=\"elementor-button-text\">Reset<\/span>\n                        <\/span>\n                    <\/button>\n                <\/div>\n            <input type=\"hidden\" name=\"trp-form-language\" value=\"en\"\/><\/form>\n            \n            <div id=\"loan-results\" class=\"loan-results\" style=\"display: none;\">\n                <div class=\"result-item\">\n                    <label>Monthly payment<\/label>\n                    <div class=\"result-value\" id=\"monthly_payment\"><\/div>\n                <\/div>\n                \n                <div class=\"result-item\">\n                    <label>All interest payments<\/label>\n                    <div class=\"result-value\" id=\"total_interest\"><\/div>\n                <\/div>\n                \n                <div class=\"result-item\">\n                    <label>Monthly interest payments<\/label>\n                    <div class=\"result-value\" id=\"monthly_interest\"><\/div>\n                <\/div>\n            <\/div>\n            \n            <div id=\"loan-error\" class=\"loan-error\" style=\"display: none;\"><\/div>\n        <\/div>\n        <\/div>\n\t\t\t\t\t\t<\/div>\n\t\t\t\t<\/div>\n\t\t\t\t\t<\/div>\n\t\t\t\t<\/div>\n\t\t\t\t<\/div>","protected":false},"excerpt":{"rendered":"<p>Calcula tu pago Utiliza esta herramienta para calcular el posible pago mensual de tu pr\u00e9stamo. As\u00ed podr\u00e1s tomar una mejor decisi\u00f3n.<\/p>","protected":false},"author":6,"featured_media":0,"parent":0,"menu_order":0,"comment_status":"closed","ping_status":"closed","template":"","meta":{"footnotes":""},"class_list":["post-18260","page","type-page","status-publish","hentry"],"_links":{"self":[{"href":"https:\/\/caribefederal.com\/en\/wp-json\/wp\/v2\/pages\/18260","targetHints":{"allow":["GET"]}}],"collection":[{"href":"https:\/\/caribefederal.com\/en\/wp-json\/wp\/v2\/pages"}],"about":[{"href":"https:\/\/caribefederal.com\/en\/wp-json\/wp\/v2\/types\/page"}],"author":[{"embeddable":true,"href":"https:\/\/caribefederal.com\/en\/wp-json\/wp\/v2\/users\/6"}],"replies":[{"embeddable":true,"href":"https:\/\/caribefederal.com\/en\/wp-json\/wp\/v2\/comments?post=18260"}],"version-history":[{"count":22,"href":"https:\/\/caribefederal.com\/en\/wp-json\/wp\/v2\/pages\/18260\/revisions"}],"predecessor-version":[{"id":19828,"href":"https:\/\/caribefederal.com\/en\/wp-json\/wp\/v2\/pages\/18260\/revisions\/19828"}],"wp:attachment":[{"href":"https:\/\/caribefederal.com\/en\/wp-json\/wp\/v2\/media?parent=18260"}],"curies":[{"name":"wp","href":"https:\/\/api.w.org\/{rel}","templated":true}]}}